{"id":214,"date":"2025-01-22T09:16:09","date_gmt":"2025-01-22T09:16:09","guid":{"rendered":"https:\/\/www.margove.com\/?page_id=214"},"modified":"2025-06-06T09:32:41","modified_gmt":"2025-06-06T09:32:41","slug":"sobre-nosotros","status":"publish","type":"page","link":"https:\/\/www.margove.com\/en\/sobre-nosotros\/","title":{"rendered":"About us"},"content":{"rendered":"<div data-elementor-type=\"wp-page\" data-elementor-id=\"214\" class=\"elementor elementor-214\" data-elementor-post-type=\"page\">\n\t\t\t\t<div class=\"wd-negative-gap elementor-element elementor-element-887c318 wd-section-stretch-content e-flex e-con-boxed e-con e-parent\" data-id=\"887c318\" data-element_type=\"container\" data-e-type=\"container\" data-settings=\"{&quot;background_background&quot;:&quot;gradient&quot;}\">\n\t\t\t\t\t<div class=\"e-con-inner\">\n\t\t<div class=\"elementor-element elementor-element-c1a7fd6 e-con-full e-flex e-con e-child\" data-id=\"c1a7fd6\" data-element_type=\"container\" data-e-type=\"container\">\n\t\t\t\t<div class=\"elementor-element elementor-element-dfc3eb2 elementor-widget elementor-widget-wd_image_or_svg\" data-id=\"dfc3eb2\" data-element_type=\"widget\" data-e-type=\"widget\" data-widget_type=\"wd_image_or_svg.default\">\n\t\t\t\t<div class=\"elementor-widget-container\">\n\t\t\t\t\t\n\t\t<div class=\"wd-image text-left\">\n\t\t\t\t\t\t\t\t<img fetchpriority=\"high\" decoding=\"async\" width=\"650\" height=\"500\" src=\"https:\/\/www.margove.com\/wp-content\/uploads\/2025\/06\/edificio-moderno-fachada-madera-cristal-650x500.jpg\" class=\"attachment-650x500 size-650x500\" alt=\"Casa moderna con paredes de madera y vidrio, destacando un dise\u00f1o contempor\u00e1neo y elegante.\" srcset=\"https:\/\/www.margove.com\/wp-content\/uploads\/2025\/06\/edificio-moderno-fachada-madera-cristal-650x500.jpg 650w, https:\/\/www.margove.com\/wp-content\/uploads\/2025\/06\/edificio-moderno-fachada-madera-cristal-16x12.jpg 16w\" sizes=\"(max-width: 650px) 100vw, 650px\" \/>\t\t\t\t\t<\/div>\n\n\t\t\t\t\t\t<\/div>\n\t\t\t\t<\/div>\n\t\t\t\t<\/div>\n\t\t<div class=\"elementor-element elementor-element-222c327 e-con-full e-flex e-con e-child\" data-id=\"222c327\" data-element_type=\"container\" data-e-type=\"container\">\n\t\t\t\t<div class=\"elementor-element elementor-element-0f8c709 wd-width-100 elementor-widget elementor-widget-wd_title\" data-id=\"0f8c709\" data-element_type=\"widget\" data-e-type=\"widget\" data-widget_type=\"wd_title.default\">\n\t\t\t\t<div class=\"elementor-widget-container\">\n\t\t\t\t\t\t\t<div class=\"title-wrapper wd-set-mb reset-last-child wd-title-color-black wd-title-style-default wd-title-size-default text-center\">\n\n\t\t\t\t\t\t\t\t\t\t\t<div class=\"title-subtitle subtitle-color-black subtitle-style-default wd-fontsize-xs\">\n\t\t\t\t\tAbout us\t\t\t\t<\/div>\n\t\t\t\n\t\t\t<div class=\"liner-continer\">\n\t\t\t\t<h2 class=\"woodmart-title-container title wd-fontsize-l\">Pasi\u00f3n por el Mediterr\u00e1neo y por el cliente internacional<\/h2> \n\t\t\t\t\t\t\t<\/div>\n\n\t\t\t\t\t<\/div>\n\t\t\t\t\t\t<\/div>\n\t\t\t\t<\/div>\n\t\t\t\t<div class=\"elementor-element elementor-element-ca67274 elementor-widget elementor-widget-wd_text_block\" data-id=\"ca67274\" data-element_type=\"widget\" data-e-type=\"widget\" data-widget_type=\"wd_text_block.default\">\n\t\t\t\t<div class=\"elementor-widget-container\">\n\t\t\t\t\t\t\t<div class=\"wd-text-block reset-last-child text-center\">\n\t\t\t\n\t\t\t<p>En MARGOVE somos especialistas en promoci\u00f3n de viviendas en <strong>primera l\u00ednea de playa<\/strong>, en localidades como Torre de la Horadada, Mil Palmeras, Lo Pag\u00e1n o Santiago de la Ribera.<\/p><p>Durante la \u00faltima d\u00e9cada, hemos orientado toda nuestra actividad al mercado de <strong>segunda residencia<\/strong>, con un enfoque casi exclusivo en clientes extranjeros.<\/p><p>Nuestra vocaci\u00f3n es clara: seleccionar cuidadosamente ubicaciones privilegiadas, cuidar cada detalle en el dise\u00f1o y construcci\u00f3n de nuestros proyectos, y facilitar a nuestros compradores una experiencia de adquisici\u00f3n sencilla, fiable y segura.<\/p><p>En 2025 celebramos nuestro 30 aniversario, un hito que refleja nuestra solidez, constancia y especializaci\u00f3n.<\/p>\n\t\t\t\t\t<\/div>\n\t\t\t\t\t\t<\/div>\n\t\t\t\t<\/div>\n\t\t\t\t<\/div>\n\t\t\t\t\t<\/div>\n\t\t\t\t<\/div>\n\t\t\t\t<\/div>","protected":false},"excerpt":{"rendered":"<p>Sobre nosotros Pasi\u00f3n por el Mediterr\u00e1neo y por el cliente internacional En MARGOVE somos especialistas en promoci\u00f3n de viviendas en<\/p>","protected":false},"author":1,"featured_media":0,"parent":0,"menu_order":0,"comment_status":"closed","ping_status":"closed","template":"","meta":{"footnotes":""},"class_list":["post-214","page","type-page","status-publish","hentry"],"yoast_head":"<!-- This site is optimized with the Yoast SEO plugin v25.8 - https:\/\/yoast.com\/wordpress\/plugins\/seo\/ -->\n<title>Grupo Genneo &#8211; Empresa de promoci\u00f3n inmobiliaria y construcci\u00f3n<\/title>\n<meta name=\"description\" content=\"Grupo Genneo, empresa de promoci\u00f3n inmobiliaria y construcci\u00f3n integral, especializada en proyectos sostenibles, rentables y de alta calidad.\" \/>\n<meta name=\"robots\" content=\"index, follow, max-snippet:-1, max-image-preview:large, max-video-preview:-1\" \/>\n<link rel=\"canonical\" href=\"https:\/\/www.margove.com\/en\/sobre-nosotros\/\" \/>\n<meta property=\"og:locale\" content=\"en_GB\" \/>\n<meta property=\"og:type\" content=\"article\" \/>\n<meta property=\"og:title\" content=\"Grupo Genneo &#8211; Empresa de promoci\u00f3n inmobiliaria y construcci\u00f3n\" \/>\n<meta property=\"og:description\" content=\"Grupo Genneo, empresa de promoci\u00f3n inmobiliaria y construcci\u00f3n integral, especializada en proyectos sostenibles, rentables y de alta calidad.\" \/>\n<meta property=\"og:url\" content=\"https:\/\/www.margove.com\/en\/sobre-nosotros\/\" \/>\n<meta property=\"og:site_name\" content=\"Margove\" \/>\n<meta property=\"article:modified_time\" content=\"2025-06-06T09:32:41+00:00\" \/>\n<meta property=\"og:image\" content=\"https:\/\/www.margove.com\/wp-content\/uploads\/2025\/06\/edificio-moderno-fachada-madera-cristal-650x500.jpg\" \/>\n<meta name=\"twitter:card\" content=\"summary_large_image\" \/>\n<meta name=\"twitter:label1\" content=\"Estimated reading time\" \/>\n\t<meta name=\"twitter:data1\" content=\"1 minute\" \/>\n<script type=\"application\/ld+json\" class=\"yoast-schema-graph\">{\"@context\":\"https:\/\/schema.org\",\"@graph\":[{\"@type\":\"WebPage\",\"@id\":\"https:\/\/www.margove.com\/sobre-nosotros\/\",\"url\":\"https:\/\/www.margove.com\/sobre-nosotros\/\",\"name\":\"Grupo Genneo &#8211; Empresa de promoci\u00f3n inmobiliaria y construcci\u00f3n\",\"isPartOf\":{\"@id\":\"https:\/\/www.margove.com\/#website\"},\"primaryImageOfPage\":{\"@id\":\"https:\/\/www.margove.com\/sobre-nosotros\/#primaryimage\"},\"image\":{\"@id\":\"https:\/\/www.margove.com\/sobre-nosotros\/#primaryimage\"},\"thumbnailUrl\":\"https:\/\/www.margove.com\/wp-content\/uploads\/2025\/06\/edificio-moderno-fachada-madera-cristal-650x500.jpg\",\"datePublished\":\"2025-01-22T09:16:09+00:00\",\"dateModified\":\"2025-06-06T09:32:41+00:00\",\"description\":\"Grupo Genneo, empresa de promoci\u00f3n inmobiliaria y construcci\u00f3n integral, especializada en proyectos sostenibles, rentables y de alta calidad.\",\"breadcrumb\":{\"@id\":\"https:\/\/www.margove.com\/sobre-nosotros\/#breadcrumb\"},\"inLanguage\":\"en-GB\",\"potentialAction\":[{\"@type\":\"ReadAction\",\"target\":[\"https:\/\/www.margove.com\/sobre-nosotros\/\"]}]},{\"@type\":\"ImageObject\",\"inLanguage\":\"en-GB\",\"@id\":\"https:\/\/www.margove.com\/sobre-nosotros\/#primaryimage\",\"url\":\"https:\/\/www.margove.com\/wp-content\/uploads\/2025\/06\/edificio-moderno-fachada-madera-cristal-650x500.jpg\",\"contentUrl\":\"https:\/\/www.margove.com\/wp-content\/uploads\/2025\/06\/edificio-moderno-fachada-madera-cristal-650x500.jpg\"},{\"@type\":\"BreadcrumbList\",\"@id\":\"https:\/\/www.margove.com\/sobre-nosotros\/#breadcrumb\",\"itemListElement\":[{\"@type\":\"ListItem\",\"position\":1,\"name\":\"Portada\",\"item\":\"https:\/\/www.margove.com\/\"},{\"@type\":\"ListItem\",\"position\":2,\"name\":\"Sobre nosotros\"}]},{\"@type\":\"WebSite\",\"@id\":\"https:\/\/www.margove.com\/#website\",\"url\":\"https:\/\/www.margove.com\/\",\"name\":\"Margove\",\"description\":\"Promoci\u00f3n de viviendas\",\"potentialAction\":[{\"@type\":\"SearchAction\",\"target\":{\"@type\":\"EntryPoint\",\"urlTemplate\":\"https:\/\/www.margove.com\/?s={search_term_string}\"},\"query-input\":{\"@type\":\"PropertyValueSpecification\",\"valueRequired\":true,\"valueName\":\"search_term_string\"}}],\"inLanguage\":\"en-GB\"}]}<\/script>\n<!-- \/ Yoast SEO plugin. -->","yoast_head_json":{"title":"Grupo Genneo &#8211; Empresa de promoci\u00f3n inmobiliaria y construcci\u00f3n","description":"Grupo Genneo, empresa de promoci\u00f3n inmobiliaria y construcci\u00f3n integral, especializada en proyectos sostenibles, rentables y de alta calidad.","robots":{"index":"index","follow":"follow","max-snippet":"max-snippet:-1","max-image-preview":"max-image-preview:large","max-video-preview":"max-video-preview:-1"},"canonical":"https:\/\/www.margove.com\/en\/sobre-nosotros\/","og_locale":"en_GB","og_type":"article","og_title":"Grupo Genneo &#8211; Empresa de promoci\u00f3n inmobiliaria y construcci\u00f3n","og_description":"Grupo Genneo, empresa de promoci\u00f3n inmobiliaria y construcci\u00f3n integral, especializada en proyectos sostenibles, rentables y de alta calidad.","og_url":"https:\/\/www.margove.com\/en\/sobre-nosotros\/","og_site_name":"Margove","article_modified_time":"2025-06-06T09:32:41+00:00","og_image":[{"url":"https:\/\/www.margove.com\/wp-content\/uploads\/2025\/06\/edificio-moderno-fachada-madera-cristal-650x500.jpg","type":"","width":"","height":""}],"twitter_card":"summary_large_image","twitter_misc":{"Estimated reading time":"1 minute"},"schema":{"@context":"https:\/\/schema.org","@graph":[{"@type":"WebPage","@id":"https:\/\/www.margove.com\/sobre-nosotros\/","url":"https:\/\/www.margove.com\/sobre-nosotros\/","name":"Grupo Genneo &#8211; Empresa de promoci\u00f3n inmobiliaria y construcci\u00f3n","isPartOf":{"@id":"https:\/\/www.margove.com\/#website"},"primaryImageOfPage":{"@id":"https:\/\/www.margove.com\/sobre-nosotros\/#primaryimage"},"image":{"@id":"https:\/\/www.margove.com\/sobre-nosotros\/#primaryimage"},"thumbnailUrl":"https:\/\/www.margove.com\/wp-content\/uploads\/2025\/06\/edificio-moderno-fachada-madera-cristal-650x500.jpg","datePublished":"2025-01-22T09:16:09+00:00","dateModified":"2025-06-06T09:32:41+00:00","description":"Grupo Genneo, empresa de promoci\u00f3n inmobiliaria y construcci\u00f3n integral, especializada en proyectos sostenibles, rentables y de alta calidad.","breadcrumb":{"@id":"https:\/\/www.margove.com\/sobre-nosotros\/#breadcrumb"},"inLanguage":"en-GB","potentialAction":[{"@type":"ReadAction","target":["https:\/\/www.margove.com\/sobre-nosotros\/"]}]},{"@type":"ImageObject","inLanguage":"en-GB","@id":"https:\/\/www.margove.com\/sobre-nosotros\/#primaryimage","url":"https:\/\/www.margove.com\/wp-content\/uploads\/2025\/06\/edificio-moderno-fachada-madera-cristal-650x500.jpg","contentUrl":"https:\/\/www.margove.com\/wp-content\/uploads\/2025\/06\/edificio-moderno-fachada-madera-cristal-650x500.jpg"},{"@type":"BreadcrumbList","@id":"https:\/\/www.margove.com\/sobre-nosotros\/#breadcrumb","itemListElement":[{"@type":"ListItem","position":1,"name":"Portada","item":"https:\/\/www.margove.com\/"},{"@type":"ListItem","position":2,"name":"Sobre nosotros"}]},{"@type":"WebSite","@id":"https:\/\/www.margove.com\/#website","url":"https:\/\/www.margove.com\/","name":"Margove","description":"Promoci\u00f3n de viviendas","potentialAction":[{"@type":"SearchAction","target":{"@type":"EntryPoint","urlTemplate":"https:\/\/www.margove.com\/?s={search_term_string}"},"query-input":{"@type":"PropertyValueSpecification","valueRequired":true,"valueName":"search_term_string"}}],"inLanguage":"en-GB"}]}},"_links":{"self":[{"href":"https:\/\/www.margove.com\/en\/wp-json\/wp\/v2\/pages\/214","targetHints":{"allow":["GET"]}}],"collection":[{"href":"https:\/\/www.margove.com\/en\/wp-json\/wp\/v2\/pages"}],"about":[{"href":"https:\/\/www.margove.com\/en\/wp-json\/wp\/v2\/types\/page"}],"author":[{"embeddable":true,"href":"https:\/\/www.margove.com\/en\/wp-json\/wp\/v2\/users\/1"}],"replies":[{"embeddable":true,"href":"https:\/\/www.margove.com\/en\/wp-json\/wp\/v2\/comments?post=214"}],"version-history":[{"count":16,"href":"https:\/\/www.margove.com\/en\/wp-json\/wp\/v2\/pages\/214\/revisions"}],"predecessor-version":[{"id":319,"href":"https:\/\/www.margove.com\/en\/wp-json\/wp\/v2\/pages\/214\/revisions\/319"}],"wp:attachment":[{"href":"https:\/\/www.margove.com\/en\/wp-json\/wp\/v2\/media?parent=214"}],"curies":[{"name":"wp","href":"https:\/\/api.w.org\/{rel}","templated":true}]}}